{"id":2,"date":"2026-04-13T15:28:38","date_gmt":"2026-04-13T15:28:38","guid":{"rendered":"https:\/\/sanbongongbaubaolong.site\/?page_id=2"},"modified":"2026-04-18T07:23:03","modified_gmt":"2026-04-18T07:23:03","slug":"trang-chu","status":"publish","type":"page","link":"https:\/\/sanbongongbaubaolong.site\/","title":{"rendered":"trang ch\u1ee7"},"content":{"rendered":"\n<div class=\"slider-wrapper relative\" id=\"slider-1708650707\" style=\"background-color:#131518;\">\n    <div class=\"slider slider-nav-circle slider-nav-large slider-nav-light slider-style-normal\"\n        data-flickity-options='{\n            \"cellAlign\": \"center\",\n            \"imagesLoaded\": true,\n            \"lazyLoad\": 1,\n            \"freeScroll\": false,\n            \"wrapAround\": true,\n            \"autoPlay\": 6000,\n            \"pauseAutoPlayOnHover\" : true,\n            \"prevNextButtons\": true,\n            \"contain\" : true,\n            \"adaptiveHeight\" : true,\n            \"dragThreshold\" : 10,\n            \"percentPosition\": true,\n            \"pageDots\": true,\n            \"rightToLeft\": false,\n            \"draggable\": true,\n            \"selectedAttraction\": 0.1,\n            \"parallax\" : 0,\n            \"friction\": 0.6        }'\n        >\n        \n\n<div class=\"row\"  id=\"row-750594012\">\n\n\n\t<div id=\"col-1357371665\" class=\"col small-12 large-12\"  >\n\t\t\t\t<div class=\"col-inner\"  >\n\t\t\t\n\t\t\t\n\n\t<div id=\"gap-2118740353\" class=\"gap-element clearfix\" style=\"display:block; height:auto;\">\n\t\t\n<style>\n#gap-2118740353 {\n  padding-top: 30px;\n}\n<\/style>\n\t<\/div>\n\t\n\n\t<div id=\"text-2596425065\" class=\"text\">\n\t\t\n\n<h1 class=\"stk-block-heading__text\" style=\"text-align: center;\"><strong>S\u00e2n B\u00f3ng \u00d4ng B\u1ea7u B\u1ea3o Long<\/strong><\/h1>\n\t\t\n<style>\n#text-2596425065 {\n  color: #eeee22;\n}\n#text-2596425065 > * {\n  color: #eeee22;\n}\n<\/style>\n\t<\/div>\n\t\n\n\t\t<\/div>\n\t\t\t\t\t<\/div>\n\n\t\n\n\t<div id=\"col-1199225971\" class=\"col small-12 large-12\"  >\n\t\t\t\t<div class=\"col-inner\"  >\n\t\t\t\n\t\t\t\n\n\t<div id=\"text-740581461\" class=\"text\">\n\t\t\n\n<p><a href=\"https:\/\/sanbongongbaubaolong.site\/\"><strong>S\u00e2n b\u00f3ng \u0111\u00e1 \u00d4ng B\u1ea7u B\u1ea3o Long<\/strong><\/a> l\u00e0 m\u1ed9t trong nh\u1eefng c\u1ee5m s\u00e2n c\u1ecf nh\u00e2n t\u1ea1o ch\u1ea5t l\u01b0\u1ee3ng t\u1ea1i Qu\u1eadn 12, thu h\u00fat \u0111\u00f4ng \u0111\u1ea3o ng\u01b0\u1eddi ch\u01a1i phong tr\u00e0o nh\u1edd kh\u00f4ng gian r\u1ed9ng r\u00e3i v\u00e0 m\u1eb7t s\u00e2n \u0111\u1ea1t chu\u1ea9n. S\u00e2n \u0111\u01b0\u1ee3c trang b\u1ecb h\u1ec7 th\u1ed1ng \u0111\u00e8n chi\u1ebfu s\u00e1ng hi\u1ec7n \u0111\u1ea1i, ph\u00f9 h\u1ee3p thi \u0111\u1ea5u c\u1ea3 ng\u00e0y l\u1eabn \u0111\u00eam, \u0111\u1ed3ng th\u1eddi h\u1ed7 tr\u1ee3 t\u1ed5 ch\u1ee9c giao h\u1eefu v\u00e0 gi\u1ea3i \u0111\u1ea5u nh\u1ecf.<\/p>\n<p style=\"text-align: center;\"><br \/>\ud83d\udccd \u0110\u1ecba ch\u1ec9: 252\/38 \u0111\u01b0\u1eddng V\u01b0\u1eddn L\u00e0i, khu ph\u1ed1 2, ph\u01b0\u1eddng An Ph\u00fa \u0110\u00f4ng, Qu\u1eadn 12, TP.HCM<\/p>\n\t\t\n<style>\n#text-740581461 {\n  color: #ffffff;\n}\n#text-740581461 > * {\n  color: #ffffff;\n}\n<\/style>\n\t<\/div>\n\t\n\n\t\t<\/div>\n\t\t\t\t\t<\/div>\n\n\t\n\n\t<div id=\"col-1431981246\" class=\"col small-12 large-12\"  >\n\t\t\t\t<div class=\"col-inner text-center\"  >\n\t\t\t\n\t\t\t\n\n<a href=\"https:\/\/sanbongongbaubaolong.site\/\" class=\"button primary\"  style=\"border-radius:99px;\">\n\t\t<span>\u0110\u1eb7t s\u00e2n ngay<\/span>\n\t<\/a>\n\n\n\n\t\t<\/div>\n\t\t\t\t\t<\/div>\n\n\t\n\n<\/div>\n\n     <\/div>\n\n     <div class=\"loading-spin dark large centered\"><\/div>\n\n\t<\/div>\n\n\n\n\t<section class=\"section\" id=\"section_61883591\">\n\t\t<div class=\"section-bg fill\" >\n\t\t\t\t\t\t\t\t\t\n\t\t\t\n\n\t\t<\/div>\n\n\t\t\n\n\t\t<div class=\"section-content relative\">\n\t\t\t\n\n<div class=\"row\"  id=\"row-865540274\">\n\n\n\t<div id=\"col-2048343026\" class=\"col medium-8 small-12 large-8\"  >\n\t\t\t\t<div class=\"col-inner\"  >\n\t\t\t\n\t\t\t\n\n\t<div id=\"text-932315854\" class=\"text\">\n\t\t\n\n<h1 class=\"stk-block-heading__text\"><strong>S\u00e2n B\u00f3ng \u00d4ng B\u1ea7u B\u1ea3o Long \u2013 Nh\u1eefng Ti\u1ec7n \u00cdch Hi\u1ec7n C\u00f3<\/strong><\/h1>\n<p>C\u00f3 nhi\u1ec1u s\u00e2n thi \u0111\u1ea5u c\u1ecf nh\u00e2n t\u1ea1o, ph\u00f9 h\u1ee3p cho b\u00f3ng \u0111\u00e1 5 ng\u01b0\u1eddi, 7 ng\u01b0\u1eddi ho\u1eb7c t\u1ed5 ch\u1ee9c giao h\u1eefu t\u00f9y theo nhu c\u1ea7u. S\u00e2n b\u00f3ng \u0111\u00e1 \u00d4ng B\u1ea7u B\u1ea3o Long c\u00f2n mang \u0111\u1ebfn c\u00e1c ti\u1ec7n \u00edch sau:<\/p>\n<p><br \/>\u2705 Ph\u00f2ng thay \u0111\u1ed3, nh\u00e0 t\u1eafm c\u01a1 b\u1ea3n cho ng\u01b0\u1eddi ch\u01a1i<br \/>\u2705 B\u00e3i \u0111\u1ed7 xe r\u1ed9ng r\u00e3i, thu\u1eadn ti\u1ec7n<br \/>\u2705 C\u00f3 qu\u1ea7y n\u01b0\u1edbc, ph\u1ee5c v\u1ee5 \u0111\u1ed3 u\u1ed1ng gi\u1ea3i kh\u00e1t<br \/>\u2705 M\u1eb7t s\u00e2n \u0111\u01b0\u1ee3c ch\u0103m s\u00f3c th\u01b0\u1eddng xuy\u00ean, s\u1ea1ch s\u1ebd v\u00e0 an to\u00e0n<br \/>\u2705 H\u1ec7 th\u1ed1ng \u0111\u00e8n chi\u1ebfu s\u00e1ng t\u1ed1t, \u0111\u1ea3m b\u1ea3o thi \u0111\u1ea5u bu\u1ed5i t\u1ed1i<br \/>\u2705 Th\u1ec9nh tho\u1ea3ng c\u00f3 c\u00e1c ch\u01b0\u01a1ng tr\u00ecnh \u01b0u \u0111\u00e3i, khuy\u1ebfn m\u00e3i h\u1ea5p d\u1eabn<br \/>\u2705 H\u1ed7 tr\u1ee3 cho thu\u00ea gi\u00e0y b\u00f3ng \u0111\u00e1, b\u00f3ng v\u00e0 \u00e1o t\u1eadp<\/p>\n\t\t\n<style>\n#text-932315854 {\n  font-size: 0.85rem;\n}\n<\/style>\n\t<\/div>\n\t\n\n\t\t<\/div>\n\t\t\t\t\t<\/div>\n\n\t\n\n\t<div id=\"col-665662464\" class=\"col medium-4 small-12 large-4\"  >\n\t\t\t\t<div class=\"col-inner\"  >\n\t\t\t\n\t\t\t\n\n\t<div class=\"img has-hover x md-x lg-x y md-y lg-y\" id=\"image_741320882\">\n\t\t\t\t\t\t\t\t<div class=\"img-inner dark\" >\n\t\t\t<img loading=\"lazy\" decoding=\"async\" width=\"1020\" height=\"678\" src=\"https:\/\/sanbongongbaubaolong.site\/wp-content\/uploads\/2026\/04\/san-bong-ong-bau-bao-long-1024x681.webp\" class=\"attachment-large size-large\" alt=\"S\u00e2n b\u00f3ng \u00d4ng B\u1ea7u B\u1ea3o Long\" srcset=\"https:\/\/sanbongongbaubaolong.site\/wp-content\/uploads\/2026\/04\/san-bong-ong-bau-bao-long-1024x681.webp 1024w, https:\/\/sanbongongbaubaolong.site\/wp-content\/uploads\/2026\/04\/san-bong-ong-bau-bao-long-300x200.webp 300w, https:\/\/sanbongongbaubaolong.site\/wp-content\/uploads\/2026\/04\/san-bong-ong-bau-bao-long-768x511.webp 768w, https:\/\/sanbongongbaubaolong.site\/wp-content\/uploads\/2026\/04\/san-bong-ong-bau-bao-long.webp 1200w\" sizes=\"auto, (max-width: 1020px) 100vw, 1020px\" \/>\t\t\t\t\t\t\n\t\t\t\t\t<\/div>\n\t\t\t\t\t\t\t\t\n<style>\n#image_741320882 {\n  width: 100%;\n}\n<\/style>\n\t<\/div>\n\t\n\n\t<div class=\"img has-hover x md-x lg-x y md-y lg-y\" id=\"image_265672331\">\n\t\t\t\t\t\t\t\t<div class=\"img-inner dark\" >\n\t\t\t\t\t\t\t\t\t\n\t\t\t\t\t<\/div>\n\t\t\t\t\t\t\t\t\n<style>\n#image_265672331 {\n  width: 100%;\n}\n<\/style>\n\t<\/div>\n\t\n\n\n\t\t<\/div>\n\t\t\t\t\t<\/div>\n\n\t\n\n<\/div>\n<div class=\"row\"  id=\"row-781038023\">\n\n\n\t<div id=\"col-856838664\" class=\"col small-12 large-12\"  >\n\t\t\t\t<div class=\"col-inner text-center\"  >\n\t\t\t\n\t\t\t\n\n<h2><strong>C\u00e1c ho\u1ea1t \u0111\u1ed9ng c\u00f3 t\u1ea1i S\u00e2n b\u00f3ng \u00d4ng B\u1ea7u B\u1ea3o Long<\/strong><\/h2>\n\n\t\t<\/div>\n\t\t\t\t\t<\/div>\n\n\t\n\n\t<div id=\"col-1725852469\" class=\"col medium-4 small-12 large-4\"  >\n\t\t\t\t<div class=\"col-inner\"  >\n\t\t\t\n\t\t\t\n\n\t<div id=\"text-2714299597\" class=\"text home-content\">\n\t\t\n\n<h3 class=\"wp-block-heading has-text-align-center has-medium-font-size\" style=\"text-align: center;\"><strong>Thi \u0111\u1ea5u giao h\u1eefu &amp; \u0111\u1eb7t s\u00e2n linh ho\u1ea1t<\/strong><\/h3>\n<p>Ph\u00f9 h\u1ee3p cho c\u00e1c \u0111\u1ed9i b\u00f3ng phong tr\u00e0o, nh\u00f3m b\u1ea1n ho\u1eb7c c\u00f4ng ty t\u1ed5 ch\u1ee9c tr\u1eadn \u0111\u1ea5u giao h\u1eefu m\u1ed7i tu\u1ea7n. Khung gi\u1edd \u0111a d\u1ea1ng t\u1eeb s\u00e1ng \u0111\u1ebfn t\u1ed1i, d\u1ec5 d\u00e0ng \u0111\u1eb7t s\u00e2n theo nhu c\u1ea7u.<\/p>\n\t\t\t<\/div>\n\t\n\n\t\t<\/div>\n\t\t\t\t\t<\/div>\n\n\t\n\n\t<div id=\"col-1087760428\" class=\"col medium-4 small-12 large-4\"  >\n\t\t\t\t<div class=\"col-inner\"  >\n\t\t\t\n\t\t\t\n\n\t<div id=\"text-4251575325\" class=\"text home-content\">\n\t\t\n\n<h3 class=\"wp-block-heading has-text-align-center has-medium-font-size\" style=\"text-align: center;\"><strong>T\u1ed5 ch\u1ee9c gi\u1ea3i \u0111\u1ea5u phong tr\u00e0o<\/strong><\/h3>\n<p>S\u00e2n th\u01b0\u1eddng \u0111\u01b0\u1ee3c l\u1ef1a ch\u1ecdn \u0111\u1ec3 t\u1ed5 ch\u1ee9c c\u00e1c gi\u1ea3i \u0111\u1ea5u nh\u1ecf v\u1edbi quy m\u00f4 \u0111\u1ed9i nh\u00f3m, doanh nghi\u1ec7p ho\u1eb7c c\u1ed9ng \u0111\u1ed3ng. Kh\u00f4ng gian s\u00e2n r\u1ed9ng, h\u1ec7 th\u1ed1ng \u0111\u00e8n t\u1ed1t gi\u00fap \u0111\u1ea3m b\u1ea3o ch\u1ea5t l\u01b0\u1ee3ng thi \u0111\u1ea5u.<\/p>\n\t\t\t<\/div>\n\t\n\n\t\t<\/div>\n\t\t\t\t\t<\/div>\n\n\t\n\n\t<div id=\"col-961430067\" class=\"col home-content medium-4 small-12 large-4\"  >\n\t\t\t\t<div class=\"col-inner\"  >\n\t\t\t\n\t\t\t\n\n<h3 class=\"wp-block-heading has-text-align-center has-medium-font-size\" style=\"text-align: center;\"><strong>T\u1eadp luy\u1ec7n &amp; n\u00e2ng cao k\u1ef9 n\u0103ng<\/strong><\/h3>\n<p class=\"stk-block-heading__text\">L\u00e0 \u0111\u1ecba \u0111i\u1ec3m l\u00fd t\u01b0\u1edfng \u0111\u1ec3 luy\u1ec7n t\u1eadp c\u00e1 nh\u00e2n ho\u1eb7c theo \u0111\u1ed9i. Ng\u01b0\u1eddi ch\u01a1i c\u00f3 th\u1ec3 r\u00e8n th\u1ec3 l\u1ef1c, k\u1ef9 thu\u1eadt v\u00e0 chi\u1ebfn thu\u1eadt trong m\u00f4i tr\u01b0\u1eddng s\u00e2n c\u1ecf nh\u00e2n t\u1ea1o \u0111\u1ea1t chu\u1ea9n.<\/p>\n\n\t\t<\/div>\n\t\t\t\t\t<\/div>\n\n\t\n\n<\/div>\n\n\t\t<\/div>\n\n\t\t\n<style>\n#section_61883591 {\n  padding-top: 30px;\n  padding-bottom: 30px;\n}\n<\/style>\n\t<\/section>\n\t\n\n","protected":false},"excerpt":{"rendered":"","protected":false},"author":1,"featured_media":0,"parent":0,"menu_order":0,"comment_status":"closed","ping_status":"closed","template":"page-blank.php","meta":{"footnotes":""},"class_list":["post-2","page","type-page","status-publish","hentry"],"_links":{"self":[{"href":"https:\/\/sanbongongbaubaolong.site\/index.php\/wp-json\/wp\/v2\/pages\/2","targetHints":{"allow":["GET"]}}],"collection":[{"href":"https:\/\/sanbongongbaubaolong.site\/index.php\/wp-json\/wp\/v2\/pages"}],"about":[{"href":"https:\/\/sanbongongbaubaolong.site\/index.php\/wp-json\/wp\/v2\/types\/page"}],"author":[{"embeddable":true,"href":"https:\/\/sanbongongbaubaolong.site\/index.php\/wp-json\/wp\/v2\/users\/1"}],"replies":[{"embeddable":true,"href":"https:\/\/sanbongongbaubaolong.site\/index.php\/wp-json\/wp\/v2\/comments?post=2"}],"version-history":[{"count":13,"href":"https:\/\/sanbongongbaubaolong.site\/index.php\/wp-json\/wp\/v2\/pages\/2\/revisions"}],"predecessor-version":[{"id":62,"href":"https:\/\/sanbongongbaubaolong.site\/index.php\/wp-json\/wp\/v2\/pages\/2\/revisions\/62"}],"wp:attachment":[{"href":"https:\/\/sanbongongbaubaolong.site\/index.php\/wp-json\/wp\/v2\/media?parent=2"}],"curies":[{"name":"wp","href":"https:\/\/api.w.org\/{rel}","templated":true}]}}